{"id":92,"date":"2022-12-03T15:01:37","date_gmt":"2022-12-03T15:01:37","guid":{"rendered":"http:\/\/localhost\/wordpress\/?page_id=92"},"modified":"2025-08-06T23:03:33","modified_gmt":"2025-08-06T21:03:33","slug":"willkommen-im-baret-2","status":"publish","type":"page","link":"https:\/\/baret.berlin\/wordpress\/","title":{"rendered":"Willkommen im Baret."},"content":{"rendered":"<div class=\"wp-block-image\">\n<figure class=\"aligncenter size-full\"><img loading=\"lazy\" decoding=\"async\" width=\"243\" height=\"258\" src=\"https:\/\/baret.berlin\/wordpress\/wp-content\/uploads\/2023\/01\/Illu_Webseite_Baret_Kuppel_crop244.png\" alt=\"\" class=\"wp-image-749\" srcset=\"https:\/\/baret.berlin\/wordpress\/wp-content\/uploads\/2023\/01\/Illu_Webseite_Baret_Kuppel_crop244.png 243w, https:\/\/baret.berlin\/wordpress\/wp-content\/uploads\/2023\/01\/Illu_Webseite_Baret_Kuppel_crop244-188x200.png 188w\" sizes=\"auto, (max-width: 243px) 100vw, 243px\" \/><\/figure>\n<\/div>\n\n\n<p class=\"has-text-align-center p-normal p-width-80\"><em>Willkommen im Baret.<\/em><br>Die Restaurantterrasse mit Ausrichtung nach West und Nord hat einen unbezahlbaren und einzigartigen Ausblick, der f\u00fcr unsere G\u00e4ste kostenlos und ohne Zeitfensterticket jederzeit zug\u00e4nglich ist.\u00a0<\/p>\n\n\n\n<p class=\"has-text-align-center\"><\/p>\n","protected":false},"excerpt":{"rendered":"<p>Willkommen im Baret.Die Restaurantterrasse mit Ausrichtung nach West und Nord hat einen unbezahlbaren und einzigartigen Ausblick, der f\u00fcr unsere G\u00e4ste kostenlos und ohne Zeitfensterticket jederzeit zug\u00e4nglich ist.\u00a0<\/p>\n","protected":false},"author":2,"featured_media":0,"parent":0,"menu_order":0,"comment_status":"closed","ping_status":"closed","template":"page-templates\/template-full-width.php","meta":{"inline_featured_image":false,"footnotes":""},"class_list":["post-92","page","type-page","status-publish","hentry","pique-template-full-width"],"_links":{"self":[{"href":"https:\/\/baret.berlin\/wordpress\/wp-json\/wp\/v2\/pages\/92","targetHints":{"allow":["GET"]}}],"collection":[{"href":"https:\/\/baret.berlin\/wordpress\/wp-json\/wp\/v2\/pages"}],"about":[{"href":"https:\/\/baret.berlin\/wordpress\/wp-json\/wp\/v2\/types\/page"}],"author":[{"embeddable":true,"href":"https:\/\/baret.berlin\/wordpress\/wp-json\/wp\/v2\/users\/2"}],"replies":[{"embeddable":true,"href":"https:\/\/baret.berlin\/wordpress\/wp-json\/wp\/v2\/comments?post=92"}],"version-history":[{"count":10,"href":"https:\/\/baret.berlin\/wordpress\/wp-json\/wp\/v2\/pages\/92\/revisions"}],"predecessor-version":[{"id":1465,"href":"https:\/\/baret.berlin\/wordpress\/wp-json\/wp\/v2\/pages\/92\/revisions\/1465"}],"wp:attachment":[{"href":"https:\/\/baret.berlin\/wordpress\/wp-json\/wp\/v2\/media?parent=92"}],"curies":[{"name":"wp","href":"https:\/\/api.w.org\/{rel}","templated":true}]}}