{"id":722,"date":"2023-01-08T21:26:49","date_gmt":"2023-01-08T21:26:49","guid":{"rendered":"http:\/\/93.100.191.61\/wordpress\/?page_id=722"},"modified":"2025-08-04T15:05:47","modified_gmt":"2025-08-04T13:05:47","slug":"impressum","status":"publish","type":"page","link":"https:\/\/baret.berlin\/wordpress\/impressum\/","title":{"rendered":"Impressum"},"content":{"rendered":"\n<h2 class=\"wp-block-heading\" style=\"font-size:70px\">Impressum<\/h2>\n\n\n\n<div class=\"wp-block-columns is-layout-flex wp-container-core-columns-is-layout-9d6595d7 wp-block-columns-is-layout-flex\">\n<div class=\"wp-block-column is-layout-flow wp-block-column-is-layout-flow\" style=\"flex-basis:100px\"><\/div>\n\n\n\n<div class=\"wp-block-column is-layout-flow wp-block-column-is-layout-flow\">\n<p>Baret <br>Schlo\u00dfplatz <br>10178 Berlin <\/p>\n\n\n\n<p>+49 17662702802<br><a href=\"mailto:kontakt@baret.berlin\" target=\"_blank\" rel=\"noreferrer noopener\">kontakt@baret.berlin<\/a><\/p>\n\n\n\n<p><em>BETREIBER<\/em> <br>JB la Comelle GmbH<br>Schlo\u00dfplatz <br>10178 Berlin<\/p>\n\n\n\n<p>Umsatzsteuer-Identifikationsnummer <br>gem\u00e4\u00df \u00a727 a Umsatzsteuergesetz <br>DE453173624<\/p>\n\n\n\n<p>Zust\u00e4ndige Aufsichtsbeh\u00f6rde: <br>Gewerbeamt Berlin<\/p>\n<\/div>\n\n\n\n<div class=\"wp-block-column is-layout-flow wp-block-column-is-layout-flow\" style=\"flex-basis:50px\"><\/div>\n<\/div>\n\n\n\n<h2 class=\"wp-block-heading\" style=\"font-size:70px\">Datenschutz\u00aderkl\u00e4rung<\/h2>\n\n\n\n<div class=\"wp-block-columns is-layout-flex wp-container-core-columns-is-layout-9d6595d7 wp-block-columns-is-layout-flex\">\n<div class=\"wp-block-column is-layout-flow wp-block-column-is-layout-flow\" style=\"flex-basis:100px\"><\/div>\n\n\n\n<div class=\"wp-block-column is-layout-flow wp-block-column-is-layout-flow\">\n<p>Wir, Baret, Schlossplatz, 10178 Berlin, Deutschland (im Folgenden auch \u201ewir\u201c genannt) sind die Betreiber der Webseite unter den Top-Level-Domains \u201cbaret-berlin.com\u201c (im Folgenden zusammen \u201eWebsite\u201c genannt). <\/p>\n\n\n\n<p>Der Schutz Ihrer pers\u00f6nlichen Daten ist uns sehr wichtig. Bei der Erhebung, Verarbeitung und Nutzung von personenbezogenen Daten halten wir uns daher streng an die geltenden datenschutzrechtlichen Vorgaben, insbesondere an die Datenschutzgrundverordnung (DSGVO), das Bundesdatenschutzgesetz (BDSG) sowie an die Vorgaben des Telemediengesetzes (TMG). <\/p>\n\n\n\n<p><em>VERANTWORTLICHER, PERSONENBEZOGENE DATEN <\/em><br>Verantwortlicher im Sinne von Art. 4, Ziffer 7 DSGVO f\u00fcr die Erhebung, Verarbeitung und Nutzung Ihrer personenbezogenen Daten ist: <\/p>\n\n\n\n<p>Baret <br>Schlo\u00dfplatz <br>10178 Berlin <br>Deutschland <\/p>\n\n\n\n<p>Telefon: +4917662702802 <br>E-Mail: kontakt@baret.berlin<\/p>\n\n\n\n<p>Gesch\u00e4ftsf\u00fchrer: Dmitriy Shtoh <br>Bezirksamt Mitte von Berlin <br>Umsatzsteuer-ID: DE453173624<\/p>\n\n\n\n<p>Personenbezogene Daten sind alle Informationen, die sich auf eine identifizierte oder identifizierbare nat\u00fcrliche Person (im Folgenden \u201ebetroffene Person\u201c) beziehen; als identifizierbar wird eine nat\u00fcrliche Person angesehen, die direkt oder indirekt, insbesondere mittels Zuordnung zu einer Kennung wie einem Namen, zu einer Kennnummer, zu Standortdaten, zu einer Online-Kennung oder zu einem oder mehreren besonderen Merkmalen identifiziert werden kann, die Ausdruck der physischen, physiologischen, genetischen, psychischen, wirtschaftlichen, kulturellen oder sozialen Identit\u00e4t dieser nat\u00fcrlichen Person sind (Art. 4, Ziffer 1 DSGVO). <\/p>\n\n\n\n<p><em>WELCHE DATEN WERDEN ERFASST?<\/em> <\/p>\n\n\n\n<p><em>WEBSITE, COOKIES, IP-TRACKING<\/em> <br>Um Ihnen einen komfortablen Webseitenbesuch zu erm\u00f6glichen, nutzen wir Cookies und Tracking Pixel. Mit der Nutzung unserer Website stimmen Sie der Speicherung von Cookies zu. <\/p>\n\n\n\n<p><em>AA. COOKIES<\/em> <br>Cookies sind kleine Textdateien, die auf Ihrem Computer, Smartphone oder Tablet \u00fcber unsere Website platziert werden und die Ihr Browser speichert. Cookies werden auch im Rahmen von Google Analytics eingesetzt (siehe dazu unten). <\/p>\n\n\n\n<p>Die Rechtsgrundlage hierf\u00fcr ist Art. 6 Abs. 1 lit. f) DSGVO. Unser berechtigtes Interesse liegt darin, unsere Website m\u00f6glichst benutzerfreundlich zu gestalten und auf die auf die Bed\u00fcrfnisse unserer Nutzer abzustimmen und zu optimieren. <\/p>\n\n\n\n<p><em>BB. IP-TRACKING <\/em><br>Ihre IP-Adresse wird von uns lediglich in gek\u00fcrzter Form erfasst. Dadurch ist f\u00fcr uns die Identifizierung Ihres Internet-Anschlusses unm\u00f6glich. Zur Erfassung von IP-Adressen durch Google Analytics siehe bitte unten. IP-Tracking setzt uns in die Lage, die Aufrufe einzelner Seiten unserer Website sowie die Anzahl unterschiedlicher Nutzer zu erfassen. <\/p>\n\n\n\n<p>Die Rechtsgrundlage hierf\u00fcr ist Art. 6 Abs. 1 lit. f) DSGVO. Unser berechtigtes Interesse liegt darin, unsere Website m\u00f6glichst benutzerfreundlich zu gestalten und auf die auf die Bed\u00fcrfnisse unserer Nutzer abzustimmen und zu optimieren. <\/p>\n\n\n\n<p><em>GOOGLE ANALYTICS <\/em><br>Wir benutzen Google Analytics, einen Webanalysedienst der Google Inc. (\u201eGoogle\u201c), 1600 Amphitheatre Parkway, Mountain View, CA 94043, USA. Google Analytics nutzt einen sogenannte \u201eCookie\u201c, dies ist eine Textdatei, die auf Ihrem Computer gespeichert wird und die eine Analyse der Benutzung der Website durch Sie erm\u00f6glicht. Die durch den Cookie erzeugten Informationen \u00fcber Ihre Benutzung der Website werden in der Regel an einen Server von Google in den USA \u00fcbertragen und dort gespeichert. Wir haben die von Google angebotene IP-Anonymisierung auf der Website aktiviert, dadurch wird Ihre IP-Adresse von Google grunds\u00e4tzlich innerhalb von Mitgliedstaaten der Europ\u00e4ischen Union oder in anderen Vertragsstaaten des Abkommens \u00fcber den Europ\u00e4ischen Wirtschaftsraum zuvor gek\u00fcrzt. Nur in Ausnahmef\u00e4llen wird die volle IP-Adresse an einen Server von Google in den USA \u00fcbertragen und dort gek\u00fcrzt. Im Auftrag von uns wird Google diese Informationen benutzen, um Ihre Nutzung der Website auszuwerten, um Reports \u00fcber die Websiteaktivit\u00e4ten zusammenzustellen und um weitere mit der Websitenutzung und der Internetnutzung verbundene Dienstleistungen gegen\u00fcber uns zu erbringen. Die im Rahmen von Google Analytics von Ihrem Browser \u00fcbermittelte IP-Adresse wird nicht mit anderen Daten von Google zusammengef\u00fchrt. N\u00e4here Informationen zu Nutzungsbedingungen und Datenschutz finden Sie unter http:\/\/www.google.com\/analytics\/terms\/de.html bzw. unter http:\/\/www.google.com\/intl\/de\/analytics\/privacyoverview.html. <\/p>\n\n\n\n<p>Google Analytics setzen wir zum Zwecke der bedarfsgerechten Gestaltung und Optimierung unseres Webauftritts ein. Die erhobenen Daten nutzen wir auf Grundlage des Art. 6 Abs. 1 lit. f) EU DSGVO. Die \u00fcber Google Analytics erhobenen Daten werden nach 3 Jahren von uns gel\u00f6scht. <\/p>\n\n\n\n<p><em>FACEBOOK<\/em> <br>Wir setzen auf Technologien des Anbieters Facebook (Facebook 1601 Willow Road Menlo Park, CA 94025). Wir setzen die Technologie ein um unsere Angebote zu verbessern und Werbeanzeigen f\u00fcr relevante Zielgruppen zu platzieren. Die Rechtsgrundlage f\u00fcr diese Verarbeitung bildet Art. 6 Abs. 1 lit. f DSGVO (Berechtigtes Interesse). Die Datenschutzerkl\u00e4rung des Anbieters finden Sie hier: https:\/\/www.facebook.com\/privacy\/explanation. Der Anbieter ist dem Privacy-Shield-Abkommen beigetreten. Dieses Abkommen stellt eine Garantie gem. Art. 46 DSGVO dar. https:\/\/www.privacyshield.gov\/participant?id=a2zt0000000GnywAAC&amp;status=Active. Sie k\u00f6nnen dem Einsatz von Cookies die der Reichweitenmessung und Werbezwecken dienen \u00fcber die Deaktivierungsseite der Netzwerkwerbeinitiative (http:\/\/optout.networkadvertising.org\/) und zus\u00e4tzlich \u00fcber die europ\u00e4ische Webseite (http:\/\/www.youronlinechoices.com\/uk\/your-ad-choices\/) widersprechen. Wir verarbeiten mit dieser Technologie Nutzer-Interessen und IT-Nutzungsdaten wie (z.B. IP-Adressen, Seitenaufrufe, Mausklicks). <\/p>\n\n\n\n<p><em>OPENTABLE<\/em> <br>Wir nutzen f\u00fcr Reservierungen in unseren Restaurants den Service \u201eOpenTable, der von der OpenTable, Inc., 1 Montgomery St., Suite 700, San Francisco, CA 94104, USA zur Verf\u00fcgung gestellt wird. <\/p>\n\n\n\n<p>\u00dcber OpenTable werden Ihr Vor- und Nachname, Ihre Telefonnummer und Ihre E-Mail-Adresse erfasst, sowie die Anzahl der Personen, mit denen Sie unser Restaurant besuchen wollen, die Uhrzeit, ggfs. der Anlass und etwaige Sonderw\u00fcnsche. Dar\u00fcber hinaus k\u00f6nnen Sie sich \u00fcber OpenTable f\u00fcr unsere Newsletter registrieren. S\u00e4mtliche vorgenannte Informationen werden uns von OpenTable mitgeteilt. Wir haben keinen Einfluss darauf, in welchem Umfang OpenTable ggfs. weitere Informationen von Ihnen erhebt. Sie k\u00f6nnen jedoch den Zweck und Umfang der jeweiligen Datenerhebung, Verarbeitung und Nutzung durch OpenTable der Datenschutzerkl\u00e4rung von OpenTable entnehmen, die Sie hier finden: https:\/\/www.opentable.de\/legal\/privacy-policy. <\/p>\n\n\n\n<p>Rechtsgrundlage f\u00fcr den Einsatz von OpenTable ist Art. 6 Abs.1 lit. f) EU DSGVO. Unser Interesse, ein effektives Reservierungsmanagement vorzuhalten und Reservierungen betriebswirtschaftlich zu optimieren, ist dabei als berechtigtes Interesse anzusehen. <\/p>\n\n\n\n<p>Sofern zwischen Ihnen und uns kein Vertragsverh\u00e4ltnis besteht bzw. zustande kommt, werden die von Ihnen zur Verf\u00fcgung gestellten Informationen gel\u00f6scht, sobald Ihre Anfrage abgeschlossen ist. Sofern ein Vertragsverh\u00e4ltnis zustande kommt, werden Ihre personenbezogenen Daten f\u00fcr die Dauer des Vertragsverh\u00e4ltnisses und dar\u00fcber hinaus f\u00fcr die Dauer gesetzlicher Aufbewahrungsfristen gespeichert und anschlie\u00dfend gel\u00f6scht. <\/p>\n\n\n\n<p><em>KEINE WEITERLEITUNG AN DRITTE<\/em> <br>Sofern in dieser Datenschutzerkl\u00e4rung nicht abweichend geregelt, leiten wir grunds\u00e4tzlich keine Daten von Ihnen an Dritte weiter, insbesondere nicht zu Werbe- oder Marketingzwecken. Ihre Daten werden von uns nur dann an Dritte weitergeleitet, wenn Sie dem zugestimmt haben oder ein gesetzlicher Erlaubnistatbestand f\u00fcr die Weitergabe vorliegt. <\/p>\n\n\n\n<p><em>SIE HABEN DIE FOLGENDEN RECHTE<\/em> <br>Sofern die jeweiligen gesetzlichen Voraussetzungen vorliegen, haben Sie als Nutzer unserer Website jederzeit die folgenden Rechte: <\/p>\n\n\n\n<p>Recht auf Auskunft gem. Art. 15 DSGVO <br>Recht auf Berichtigung unrichtiger Daten oder auf Vervollst\u00e4ndigung gem. Art. 16 DSGVO <br>Recht auf L\u00f6schung gem. Art. 17 DSGVO <br>Recht auf Einschr\u00e4nkung gem. Art. 18 DSGVO <br>Recht auf Daten\u00fcbertragbarkeit gem. Art. 20 DSGVO <br>Recht auf Widerspruch\/Widerruf von Einwilligungen gem. Art. 21 DSGVO <br>Um eine Anfrage bearbeiten zu k\u00f6nnen, sind wir gehalten, die Identit\u00e4t des Anfragenden zu pr\u00fcfen. Dies Ma\u00dfnahme dient dem Schutz Ihrer Daten vor unbefugtem Zugriff Dritter. <\/p>\n\n\n\n<p>Dar\u00fcber hinaus steht Ihnen ein Beschwerderecht bei einer Aufsichtsbeh\u00f6rde zu. F\u00fcr uns federf\u00fchrend zust\u00e4ndig ist der Berliner Beauftragte f\u00fcr Datenschutz und Informationsfreiheit https:\/\/www.datenschutz-berlin.de<\/p>\n<\/div>\n\n\n\n<div class=\"wp-block-column is-layout-flow wp-block-column-is-layout-flow\" style=\"flex-basis:50px\"><\/div>\n<\/div>\n\n\n\n<p><\/p>\n","protected":false},"excerpt":{"rendered":"<p>Impressum Baret Schlo\u00dfplatz 10178 Berlin +49 17662702802kontakt@baret.berlin BETREIBER JB la Comelle GmbHSchlo\u00dfplatz 10178 Berlin Umsatzsteuer-Identifikationsnummer gem\u00e4\u00df \u00a727 a Umsatzsteuergesetz DE453173624 Zust\u00e4ndige Aufsichtsbeh\u00f6rde: Gewerbeamt Berlin Datenschutz\u00aderkl\u00e4rung Wir, Baret,&hellip; <span class=\"read-more\"><a class=\"more-link\" href=\"https:\/\/baret.berlin\/wordpress\/impressum\/\" rel=\"bookmark\">Read more <span class=\"screen-reader-text\">&#8220;Impressum&#8221;<\/span><\/a><\/span><\/p>\n","protected":false},"author":2,"featured_media":0,"parent":0,"menu_order":0,"comment_status":"closed","ping_status":"closed","template":"page-templates\/template-full-page.php","meta":{"inline_featured_image":false,"footnotes":""},"class_list":["post-722","page","type-page","status-publish","hentry","pique-template-full-page"],"_links":{"self":[{"href":"https:\/\/baret.berlin\/wordpress\/wp-json\/wp\/v2\/pages\/722","targetHints":{"allow":["GET"]}}],"collection":[{"href":"https:\/\/baret.berlin\/wordpress\/wp-json\/wp\/v2\/pages"}],"about":[{"href":"https:\/\/baret.berlin\/wordpress\/wp-json\/wp\/v2\/types\/page"}],"author":[{"embeddable":true,"href":"https:\/\/baret.berlin\/wordpress\/wp-json\/wp\/v2\/users\/2"}],"replies":[{"embeddable":true,"href":"https:\/\/baret.berlin\/wordpress\/wp-json\/wp\/v2\/comments?post=722"}],"version-history":[{"count":10,"href":"https:\/\/baret.berlin\/wordpress\/wp-json\/wp\/v2\/pages\/722\/revisions"}],"predecessor-version":[{"id":1445,"href":"https:\/\/baret.berlin\/wordpress\/wp-json\/wp\/v2\/pages\/722\/revisions\/1445"}],"wp:attachment":[{"href":"https:\/\/baret.berlin\/wordpress\/wp-json\/wp\/v2\/media?parent=722"}],"curies":[{"name":"wp","href":"https:\/\/api.w.org\/{rel}","templated":true}]}}